{"id":503,"date":"2025-04-11T09:52:21","date_gmt":"2025-04-11T09:52:21","guid":{"rendered":"https:\/\/blueeconomylabs.com\/?page_id=503"},"modified":"2026-03-05T13:29:39","modified_gmt":"2026-03-05T13:29:39","slug":"whats-happening","status":"publish","type":"page","link":"https:\/\/blueeconomylabs.com\/en\/whats-happening","title":{"rendered":"What&#8217;s happening?"},"content":{"rendered":"\t\t<div data-elementor-type=\"wp-page\" data-elementor-id=\"503\" class=\"elementor elementor-503\" data-elementor-post-type=\"page\">\n\t\t\t\t<div class=\"elementor-element elementor-element-e762361 e-con-full animated-slow e-flex elementor-invisible e-con e-parent\" data-id=\"e762361\" data-element_type=\"container\" data-e-type=\"container\" data-settings=\"{&quot;jet_parallax_layout_list&quot;:[],&quot;background_background&quot;:&quot;video&quot;,&quot;background_video_link&quot;:&quot;https:\\\/\\\/blueeconomylabs.com\\\/wp-content\\\/uploads\\\/2025\\\/05\\\/13685353_1920_1080_30fps.webm&quot;,&quot;animation&quot;:&quot;fadeIn&quot;,&quot;background_video_end&quot;:24,&quot;background_play_once&quot;:&quot;yes&quot;,&quot;background_play_on_mobile&quot;:&quot;yes&quot;}\">\n\t\t<div class=\"elementor-background-video-container\">\n\t\t\t\t\t\t\t<video class=\"elementor-background-video-hosted\" role=\"presentation\" autoplay muted playsinline><\/video>\n\t\t\t\t\t<\/div><div class=\"elementor-element elementor-element-dc81e9b e-con-full container e-flex e-con e-child\" data-id=\"dc81e9b\" data-element_type=\"container\" data-e-type=\"container\" data-settings=\"{&quot;jet_parallax_layout_list&quot;:[]}\">\n\t\t\t\t<div class=\"elementor-element elementor-element-4820564 elementor-widget-divider--view-line elementor-widget elementor-widget-divider\" data-id=\"4820564\" data-element_type=\"widget\" data-e-type=\"widget\" data-widget_type=\"divider.default\">\n\t\t\t\t<div class=\"elementor-widget-container\">\n\t\t\t\t\t\t\t<div class=\"elementor-divider\">\n\t\t\t<span class=\"elementor-divider-separator\">\n\t\t\t\t\t\t<\/span>\n\t\t<\/div>\n\t\t\t\t\t\t<\/div>\n\t\t\t\t<\/div>\n\t\t\t\t<div class=\"elementor-element elementor-element-e5ed059 elementor-widget__width-inherit elementor-widget-tablet__width-inherit elementor-widget elementor-widget-text-editor\" data-id=\"e5ed059\" data-element_type=\"widget\" data-e-type=\"widget\" data-widget_type=\"text-editor.default\">\n\t\t\t\t<div class=\"elementor-widget-container\">\n\t\t\t\t\t\t\t\t\t<p>In this section you&#8217;ll find our latest news! <\/p>\t\t\t\t\t\t\t\t<\/div>\n\t\t\t\t<\/div>\n\t\t\t\t<div class=\"elementor-element elementor-element-296ce7f eael_liquid_glass-effect1 eael_liquid_glass_shadow-effect1 bdt-filter-backdrop elementor-widget elementor-widget-jet-listing-grid\" data-id=\"296ce7f\" data-element_type=\"widget\" data-e-type=\"widget\" data-settings=\"{&quot;columns&quot;:&quot;auto&quot;,&quot;columns_tablet&quot;:&quot;auto&quot;,&quot;columns_mobile&quot;:&quot;auto&quot;,&quot;column_min_width&quot;:300}\" data-widget_type=\"jet-listing-grid.default\">\n\t\t\t\t<div class=\"elementor-widget-container\">\n\t\t\t\t\t<div class=\"jet-listing-grid jet-listing\"><div class=\"jet-listing-grid__items grid-col-desk-auto grid-col-tablet-auto grid-col-mobile-auto jet-listing-grid--3480 jet-equal-columns__wrapper\" data-queried-id=\"503|WP_Post\" data-nav=\"{&quot;enabled&quot;:false,&quot;type&quot;:null,&quot;more_el&quot;:null,&quot;query&quot;:[],&quot;widget_settings&quot;:{&quot;lisitng_id&quot;:3480,&quot;posts_num&quot;:6,&quot;columns&quot;:&quot;auto&quot;,&quot;columns_tablet&quot;:&quot;auto&quot;,&quot;columns_mobile&quot;:&quot;auto&quot;,&quot;column_min_width&quot;:300,&quot;column_min_width_tablet&quot;:240,&quot;column_min_width_mobile&quot;:240,&quot;inline_columns_css&quot;:false,&quot;is_archive_template&quot;:&quot;&quot;,&quot;post_status&quot;:[&quot;publish&quot;],&quot;use_random_posts_num&quot;:&quot;&quot;,&quot;max_posts_num&quot;:9,&quot;not_found_message&quot;:&quot;No data was found&quot;,&quot;is_masonry&quot;:false,&quot;equal_columns_height&quot;:&quot;yes&quot;,&quot;use_load_more&quot;:&quot;&quot;,&quot;load_more_id&quot;:&quot;&quot;,&quot;load_more_type&quot;:&quot;click&quot;,&quot;load_more_offset&quot;:{&quot;unit&quot;:&quot;px&quot;,&quot;size&quot;:0,&quot;sizes&quot;:[]},&quot;use_custom_post_types&quot;:&quot;&quot;,&quot;custom_post_types&quot;:[],&quot;hide_widget_if&quot;:&quot;&quot;,&quot;carousel_enabled&quot;:&quot;&quot;,&quot;slides_to_scroll&quot;:&quot;1&quot;,&quot;arrows&quot;:&quot;true&quot;,&quot;arrow_icon&quot;:&quot;fa fa-angle-left&quot;,&quot;dots&quot;:&quot;&quot;,&quot;autoplay&quot;:&quot;true&quot;,&quot;pause_on_hover&quot;:&quot;true&quot;,&quot;autoplay_speed&quot;:5000,&quot;infinite&quot;:&quot;true&quot;,&quot;center_mode&quot;:&quot;&quot;,&quot;effect&quot;:&quot;slide&quot;,&quot;speed&quot;:500,&quot;inject_alternative_items&quot;:&quot;&quot;,&quot;injection_items&quot;:[],&quot;scroll_slider_enabled&quot;:&quot;&quot;,&quot;scroll_slider_on&quot;:[&quot;desktop&quot;,&quot;tablet&quot;,&quot;mobile&quot;],&quot;custom_query&quot;:false,&quot;custom_query_id&quot;:&quot;&quot;,&quot;_element_id&quot;:&quot;&quot;,&quot;collapse_first_last_gap&quot;:false,&quot;list_tag_selection&quot;:&quot;&quot;,&quot;list_items_wrapper_tag&quot;:&quot;div&quot;,&quot;list_item_tag&quot;:&quot;div&quot;,&quot;empty_items_wrapper_tag&quot;:&quot;div&quot;}}\" data-page=\"1\" data-pages=\"1\" data-listing-source=\"posts\" data-listing-id=\"3480\" data-query-id=\"\"><div class=\"jet-listing-grid__item jet-listing-dynamic-post-3478 jet-equal-columns\" data-post-id=\"3478\"  >\t\t<div data-elementor-type=\"jet-listing-items\" data-elementor-id=\"3480\" class=\"elementor elementor-3480\" data-elementor-post-type=\"jet-engine\">\n\t\t\t\t<div class=\"elementor-element elementor-element-a24f2e2 e-flex e-con-boxed e-con e-parent\" data-id=\"a24f2e2\" data-element_type=\"container\" data-e-type=\"container\" id=\"container\" data-settings=\"{&quot;jet_parallax_layout_list&quot;:[],&quot;background_background&quot;:&quot;classic&quot;}\">\n\t\t\t\t\t<div class=\"e-con-inner\">\n\t\t<div class=\"elementor-element elementor-element-dc8cc91 e-con-full e-flex e-con e-child\" data-id=\"dc8cc91\" data-element_type=\"container\" data-e-type=\"container\" data-settings=\"{&quot;jet_parallax_layout_list&quot;:[],&quot;background_background&quot;:&quot;classic&quot;}\">\n\t\t\t\t<div class=\"elementor-element elementor-element-d35cfff eael_liquid_glass-effect1 eael_liquid_glass_shadow-effect1 bdt-filter-backdrop elementor-widget elementor-widget-jet-listing-dynamic-image\" data-id=\"d35cfff\" data-element_type=\"widget\" data-e-type=\"widget\" id=\"image\" data-widget_type=\"jet-listing-dynamic-image.default\">\n\t\t\t\t<div class=\"elementor-widget-container\">\n\t\t\t\t\t<div class=\"jet-listing jet-listing-dynamic-image\" ><img fetchpriority=\"high\" decoding=\"async\" width=\"1080\" height=\"1080\" src=\"https:\/\/blueeconomylabs.com\/wp-content\/uploads\/2025\/09\/No-Azul-No-Verde-El-Futuro-del-Trabajo-en-la-Economia-Azul-Desafios-y-Oportunidades-en-una-Era-de-Transformacion.webp\" class=\"jet-listing-dynamic-image__img attachment-full size-full\" alt=\"No Azul, No Verde El Futuro del Trabajo en la Econom\u00eda Azul - Desaf\u00edos y Oportunidades en una Era de Transformaci\u00f3n\" srcset=\"https:\/\/blueeconomylabs.com\/wp-content\/uploads\/2025\/09\/No-Azul-No-Verde-El-Futuro-del-Trabajo-en-la-Economia-Azul-Desafios-y-Oportunidades-en-una-Era-de-Transformacion.webp 1080w, https:\/\/blueeconomylabs.com\/wp-content\/uploads\/2025\/09\/No-Azul-No-Verde-El-Futuro-del-Trabajo-en-la-Economia-Azul-Desafios-y-Oportunidades-en-una-Era-de-Transformacion-300x300.webp 300w, https:\/\/blueeconomylabs.com\/wp-content\/uploads\/2025\/09\/No-Azul-No-Verde-El-Futuro-del-Trabajo-en-la-Economia-Azul-Desafios-y-Oportunidades-en-una-Era-de-Transformacion-1024x1024.webp 1024w, https:\/\/blueeconomylabs.com\/wp-content\/uploads\/2025\/09\/No-Azul-No-Verde-El-Futuro-del-Trabajo-en-la-Economia-Azul-Desafios-y-Oportunidades-en-una-Era-de-Transformacion-150x150.webp 150w, https:\/\/blueeconomylabs.com\/wp-content\/uploads\/2025\/09\/No-Azul-No-Verde-El-Futuro-del-Trabajo-en-la-Economia-Azul-Desafios-y-Oportunidades-en-una-Era-de-Transformacion-768x768.webp 768w\" sizes=\"(max-width: 1080px) 100vw, 1080px\" loading=\"eager\" \/><\/div>\t\t\t\t<\/div>\n\t\t\t\t<\/div>\n\t\t\t\t<\/div>\n\t\t\t\t<div class=\"elementor-element elementor-element-39a4ea8 eael_liquid_glass-effect1 eael_liquid_glass_shadow-effect1 bdt-filter-backdrop elementor-widget elementor-widget-jet-listing-dynamic-field\" data-id=\"39a4ea8\" data-element_type=\"widget\" data-e-type=\"widget\" data-widget_type=\"jet-listing-dynamic-field.default\">\n\t\t\t\t<div class=\"elementor-widget-container\">\n\t\t\t\t\t<div class=\"jet-listing jet-listing-dynamic-field display-inline\"><div class=\"jet-listing-dynamic-field__inline-wrap\"><h3 class=\"jet-listing-dynamic-field__content\" >No Blue, No Green: The Future of Work in Blue Economy \u2013 Challenges and Opportunities in a Transformative Era<\/h3><\/div><\/div>\t\t\t\t<\/div>\n\t\t\t\t<\/div>\n\t\t<div class=\"elementor-element elementor-element-17a66b1 e-con-full e-flex e-con e-child\" data-id=\"17a66b1\" data-element_type=\"container\" data-e-type=\"container\" data-settings=\"{&quot;jet_parallax_layout_list&quot;:[]}\">\n\t\t\t\t<div class=\"elementor-element elementor-element-6445bb9 elementor-widget elementor-widget-button\" data-id=\"6445bb9\" data-element_type=\"widget\" data-e-type=\"widget\" data-widget_type=\"button.default\">\n\t\t\t\t<div class=\"elementor-widget-container\">\n\t\t\t\t\t\t\t\t\t<div class=\"elementor-button-wrapper\">\n\t\t\t\t\t<a class=\"elementor-button elementor-button-link elementor-size-sm\" href=\"https:\/\/blueeconomylabs.com\/en\/articles\/no-blue-no-green-the-future-of-work-in-blue-economy-challenges-and-opportunities-in-a-transformative-era\">\n\t\t\t\t\t\t<span class=\"elementor-button-content-wrapper\">\n\t\t\t\t\t\t\t\t\t<span class=\"elementor-button-text\">Read More<\/span>\n\t\t\t\t\t<\/span>\n\t\t\t\t\t<\/a>\n\t\t\t\t<\/div>\n\t\t\t\t\t\t\t\t<\/div>\n\t\t\t\t<\/div>\n\t\t\t\t<\/div>\n\t\t\t\t\t<\/div>\n\t\t\t\t<\/div>\n\t\t\t\t<\/div>\n\t\t<\/div><\/div><\/div>\t\t\t\t<\/div>\n\t\t\t\t<\/div>\n\t\t\t\t<\/div>\n\t\t\t\t<\/div>\n\t\t\t\t<\/div>\n\t\t","protected":false},"excerpt":{"rendered":"<p>In this section you&#8217;ll find our latest news! No Blue, No Green: The Future of Work in Blue Economy \u2013 [&hellip;]<\/p>\n","protected":false},"author":1,"featured_media":0,"parent":0,"menu_order":0,"comment_status":"closed","ping_status":"closed","template":"","meta":{"inline_featured_image":false,"site-sidebar-layout":"no-sidebar","site-content-layout":"","ast-site-content-layout":"full-width-container","site-content-style":"default","site-sidebar-style":"default","ast-global-header-display":"","ast-banner-title-visibility":"","ast-main-header-display":"","ast-hfb-above-header-display":"","ast-hfb-below-header-display":"","ast-hfb-mobile-header-display":"","site-post-title":"disabled","ast-breadcrumbs-content":"","ast-featured-img":"disabled","footer-sml-layout":"","ast-disable-related-posts":"","theme-transparent-header-meta":"default","adv-header-id-meta":"","stick-header-meta":"","header-above-stick-meta":"","header-main-stick-meta":"","header-below-stick-meta":"","astra-migrate-meta-layouts":"set","ast-page-background-enabled":"default","ast-page-background-meta":{"desktop":{"background-color":"var(--ast-global-color-5)","background-image":"","background-repeat":"repeat","background-position":"center center","background-size":"auto","background-attachment":"scroll","background-type":"","background-media":"","overlay-type":"","overlay-color":"","overlay-opacity":"","overlay-gradient":""},"tablet":{"background-color":"","background-image":"","background-repeat":"repeat","background-position":"center center","background-size":"auto","background-attachment":"scroll","background-type":"","background-media":"","overlay-type":"","overlay-color":"","overlay-opacity":"","overlay-gradient":""},"mobile":{"background-color":"","background-image":"","background-repeat":"repeat","background-position":"center center","background-size":"auto","background-attachment":"scroll","background-type":"","background-media":"","overlay-type":"","overlay-color":"","overlay-opacity":"","overlay-gradient":""}},"ast-content-background-meta":{"desktop":{"background-color":"var(--ast-global-color-4)","background-image":"","background-repeat":"repeat","background-position":"center center","background-size":"auto","background-attachment":"scroll","background-type":"","background-media":"","overlay-type":"","overlay-color":"","overlay-opacity":"","overlay-gradient":""},"tablet":{"background-color":"var(--ast-global-color-4)","background-image":"","background-repeat":"repeat","background-position":"center center","background-size":"auto","background-attachment":"scroll","background-type":"","background-media":"","overlay-type":"","overlay-color":"","overlay-opacity":"","overlay-gradient":""},"mobile":{"background-color":"var(--ast-global-color-4)","background-image":"","background-repeat":"repeat","background-position":"center center","background-size":"auto","background-attachment":"scroll","background-type":"","background-media":"","overlay-type":"","overlay-color":"","overlay-opacity":"","overlay-gradient":""}},"footnotes":""},"class_list":["post-503","page","type-page","status-publish","hentry"],"_links":{"self":[{"href":"https:\/\/blueeconomylabs.com\/en\/wp-json\/wp\/v2\/pages\/503","targetHints":{"allow":["GET"]}}],"collection":[{"href":"https:\/\/blueeconomylabs.com\/en\/wp-json\/wp\/v2\/pages"}],"about":[{"href":"https:\/\/blueeconomylabs.com\/en\/wp-json\/wp\/v2\/types\/page"}],"author":[{"embeddable":true,"href":"https:\/\/blueeconomylabs.com\/en\/wp-json\/wp\/v2\/users\/1"}],"replies":[{"embeddable":true,"href":"https:\/\/blueeconomylabs.com\/en\/wp-json\/wp\/v2\/comments?post=503"}],"version-history":[{"count":268,"href":"https:\/\/blueeconomylabs.com\/en\/wp-json\/wp\/v2\/pages\/503\/revisions"}],"predecessor-version":[{"id":7259,"href":"https:\/\/blueeconomylabs.com\/en\/wp-json\/wp\/v2\/pages\/503\/revisions\/7259"}],"wp:attachment":[{"href":"https:\/\/blueeconomylabs.com\/en\/wp-json\/wp\/v2\/media?parent=503"}],"curies":[{"name":"wp","href":"https:\/\/api.w.org\/{rel}","templated":true}]}}